{"id":1306,"date":"2024-02-27T08:20:42","date_gmt":"2024-02-27T08:20:42","guid":{"rendered":"https:\/\/ennenhof.com\/?page_id=1306"},"modified":"2024-03-05T10:43:44","modified_gmt":"2024-03-05T10:43:44","slug":"environnement-activites","status":"publish","type":"page","link":"https:\/\/ennenhof.com\/fr\/environnement-activites\/","title":{"rendered":"Environnement &#038; activit\u00e9s"},"content":{"rendered":"\t\t<div data-elementor-type=\"wp-page\" data-elementor-id=\"1306\" class=\"elementor elementor-1306 elementor-492\">\n\t\t\t\t\t\t<section style=\"background-image: url(https:\/\/ennenhof.com\/wp-content\/uploads\/2024\/03\/Ennenhof-header-umgebung2024.jpg);\" class=\"parallax_section_holder elementor-section elementor-top-section elementor-element elementor-element-83b690f elementor-section-full_width parallax_section_holder elementor-section-height-default elementor-section-height-default qode_elementor_container_no qode-content-aligment-left\" data-speed=\"0\" data-id=\"83b690f\" data-element_type=\"section\" data-e-type=\"section\" data-settings=\"{&quot;qode_parallax_image&quot;:{&quot;url&quot;:&quot;https:\\\/\\\/ennenhof.com\\\/wp-content\\\/uploads\\\/2024\\\/03\\\/Ennenhof-header-umgebung2024.jpg&quot;,&quot;id&quot;:992,&quot;size&quot;:&quot;&quot;,&quot;alt&quot;:&quot;&quot;,&quot;source&quot;:&quot;library&quot;}}\">\n\t\t\t\t\t\t<div class=\"elementor-container elementor-column-gap-default\">\n\t\t\t\t\t<div class=\"elementor-column elementor-col-100 elementor-top-column elementor-element elementor-element-c057e10\" data-id=\"c057e10\" data-element_type=\"column\" data-e-type=\"column\">\n\t\t\t<div class=\"elementor-widget-wrap\">\n\t\t\t\t\t\t\t<\/div>\n\t\t<\/div>\n\t\t\t\t\t<\/div>\n\t\t<\/section>\n\t\t<div class=\"elementor-element elementor-element-7f2710b e-flex e-con-boxed e-con e-parent\" data-id=\"7f2710b\" data-element_type=\"container\" data-e-type=\"container\">\n\t\t\t\t\t<div class=\"e-con-inner\">\n\t\t\t\t<div class=\"elementor-element elementor-element-87d5c48 elementor-widget elementor-widget-image\" data-id=\"87d5c48\" data-element_type=\"widget\" data-e-type=\"widget\" data-widget_type=\"image.default\">\n\t\t\t\t<div class=\"elementor-widget-container\">\n\t\t\t\t\t\t\t\t\t\t\t\t\t\t\t<img decoding=\"async\" width=\"150\" height=\"150\" src=\"https:\/\/ennenhof.com\/wp-content\/uploads\/2024\/02\/divider.png\" class=\"attachment-large size-large wp-image-1255\" alt=\"\" \/>\t\t\t\t\t\t\t\t\t\t\t\t\t\t\t<\/div>\n\t\t\t\t<\/div>\n\t\t\t\t\t<\/div>\n\t\t\t\t<\/div>\n\t\t<div class=\"elementor-element elementor-element-492179b e-flex e-con-boxed e-con e-parent\" data-id=\"492179b\" data-element_type=\"container\" data-e-type=\"container\">\n\t\t\t\t\t<div class=\"e-con-inner\">\n\t\t<div class=\"elementor-element elementor-element-a1f105f e-con-full e-flex e-con e-child\" data-id=\"a1f105f\" data-element_type=\"container\" data-e-type=\"container\">\n\t\t\t\t<div class=\"elementor-element elementor-element-9a345f6 elementor-widget elementor-widget-text-editor\" data-id=\"9a345f6\" data-element_type=\"widget\" data-e-type=\"widget\" data-widget_type=\"text-editor.default\">\n\t\t\t\t<div class=\"elementor-widget-container\">\n\t\t\t\t\t\t\t\t\t<h1 style=\"text-align: left;\"><span style=\"color: #e3b464;\">Environs<\/span><\/h1>\t\t\t\t\t\t\t\t<\/div>\n\t\t\t\t<\/div>\n\t\t\t\t<div class=\"elementor-element elementor-element-1421219 elementor-widget-divider--view-line elementor-widget elementor-widget-divider\" data-id=\"1421219\" data-element_type=\"widget\" data-e-type=\"widget\" data-widget_type=\"divider.default\">\n\t\t\t\t<div class=\"elementor-widget-container\">\n\t\t\t\t\t\t\t<div class=\"elementor-divider\">\n\t\t\t<span class=\"elementor-divider-separator\">\n\t\t\t\t\t\t<\/span>\n\t\t<\/div>\n\t\t\t\t\t\t<\/div>\n\t\t\t\t<\/div>\n\t\t\t\t<\/div>\n\t\t\t\t\t<\/div>\n\t\t\t\t<\/div>\n\t\t<div class=\"elementor-element elementor-element-d8b1302 e-flex e-con-boxed e-con e-parent\" data-id=\"d8b1302\" data-element_type=\"container\" data-e-type=\"container\">\n\t\t\t\t\t<div class=\"e-con-inner\">\n\t\t<div class=\"elementor-element elementor-element-ee7cbf6 e-con-full e-flex e-con e-child\" data-id=\"ee7cbf6\" data-element_type=\"container\" data-e-type=\"container\">\n\t\t\t\t<div class=\"elementor-element elementor-element-5fd5bbc elementor-widget elementor-widget-image\" data-id=\"5fd5bbc\" data-element_type=\"widget\" data-e-type=\"widget\" data-widget_type=\"image.default\">\n\t\t\t\t<div class=\"elementor-widget-container\">\n\t\t\t\t\t\t\t\t\t\t\t\t\t\t\t\t<a href=\"https:\/\/www.ostbelgien.eu\/de\/erleben\/ausflugsziele\/gemeinden-touristinfo\/vorstellung-gemeinden\/gemeinde-amel\" target=\"_blank\">\n\t\t\t\t\t\t\t<img fetchpriority=\"high\" decoding=\"async\" width=\"1024\" height=\"1024\" src=\"https:\/\/ennenhof.com\/wp-content\/uploads\/2024\/02\/Allee_im_Wald-1024x1024.jpg\" class=\"attachment-large size-large wp-image-1161\" alt=\"\" srcset=\"https:\/\/ennenhof.com\/wp-content\/uploads\/2024\/02\/Allee_im_Wald-1024x1024.jpg 1024w, https:\/\/ennenhof.com\/wp-content\/uploads\/2024\/02\/Allee_im_Wald-300x300.jpg 300w, https:\/\/ennenhof.com\/wp-content\/uploads\/2024\/02\/Allee_im_Wald-150x150.jpg 150w, https:\/\/ennenhof.com\/wp-content\/uploads\/2024\/02\/Allee_im_Wald-768x768.jpg 768w, https:\/\/ennenhof.com\/wp-content\/uploads\/2024\/02\/Allee_im_Wald-550x550.jpg 550w, https:\/\/ennenhof.com\/wp-content\/uploads\/2024\/02\/Allee_im_Wald-500x500.jpg 500w, https:\/\/ennenhof.com\/wp-content\/uploads\/2024\/02\/Allee_im_Wald-1000x1000.jpg 1000w, https:\/\/ennenhof.com\/wp-content\/uploads\/2024\/02\/Allee_im_Wald-700x700.jpg 700w, https:\/\/ennenhof.com\/wp-content\/uploads\/2024\/02\/Allee_im_Wald-1100x1100.jpg 1100w, https:\/\/ennenhof.com\/wp-content\/uploads\/2024\/02\/Allee_im_Wald-650x650.jpg 650w, https:\/\/ennenhof.com\/wp-content\/uploads\/2024\/02\/Allee_im_Wald.jpg 1280w\" sizes=\"(max-width: 1024px) 100vw, 1024px\" \/>\t\t\t\t\t\t\t\t<\/a>\n\t\t\t\t\t\t\t\t\t\t\t\t\t\t\t<\/div>\n\t\t\t\t<\/div>\n\t\t\t\t<div class=\"elementor-element elementor-element-f935f95 elementor-widget elementor-widget-text-editor\" data-id=\"f935f95\" data-element_type=\"widget\" data-e-type=\"widget\" data-widget_type=\"text-editor.default\">\n\t\t\t\t<div class=\"elementor-widget-container\">\n\t\t\t\t\t\t\t\t\t<h4 style=\"text-align: center;\"><a href=\"https:\/\/www.ostbelgien.eu\/de\/erleben\/ausflugsziele\/gemeinden-touristinfo\/vorstellung-gemeinden\/gemeinde-amel\" target=\"_blank\" rel=\"noopener\">For\u00eats &#038; prairies<\/a><\/h4>\n<p style=\"text-align: center;\">Ambl\u00e8ve<\/p>\t\t\t\t\t\t\t\t<\/div>\n\t\t\t\t<\/div>\n\t\t\t\t<\/div>\n\t\t<div class=\"elementor-element elementor-element-47465d0 e-con-full e-flex e-con e-child\" data-id=\"47465d0\" data-element_type=\"container\" data-e-type=\"container\">\n\t\t\t\t<div class=\"elementor-element elementor-element-b18031e elementor-widget elementor-widget-image\" data-id=\"b18031e\" data-element_type=\"widget\" data-e-type=\"widget\" data-widget_type=\"image.default\">\n\t\t\t\t<div class=\"elementor-widget-container\">\n\t\t\t\t\t\t\t\t\t\t\t\t\t\t\t\t<a href=\"https:\/\/www.ostbelgien.eu\/de\/fiche\/bathingplaces\/see-butgenbach\" target=\"_blank\">\n\t\t\t\t\t\t\t<img decoding=\"async\" width=\"1024\" height=\"1024\" src=\"https:\/\/ennenhof.com\/wp-content\/uploads\/2024\/02\/Hollener_See-1024x1024.jpg\" class=\"attachment-large size-large wp-image-1163\" alt=\"\" srcset=\"https:\/\/ennenhof.com\/wp-content\/uploads\/2024\/02\/Hollener_See-1024x1024.jpg 1024w, https:\/\/ennenhof.com\/wp-content\/uploads\/2024\/02\/Hollener_See-300x300.jpg 300w, https:\/\/ennenhof.com\/wp-content\/uploads\/2024\/02\/Hollener_See-150x150.jpg 150w, https:\/\/ennenhof.com\/wp-content\/uploads\/2024\/02\/Hollener_See-768x768.jpg 768w, https:\/\/ennenhof.com\/wp-content\/uploads\/2024\/02\/Hollener_See-550x550.jpg 550w, https:\/\/ennenhof.com\/wp-content\/uploads\/2024\/02\/Hollener_See-500x500.jpg 500w, https:\/\/ennenhof.com\/wp-content\/uploads\/2024\/02\/Hollener_See-1000x1000.jpg 1000w, https:\/\/ennenhof.com\/wp-content\/uploads\/2024\/02\/Hollener_See-700x700.jpg 700w, https:\/\/ennenhof.com\/wp-content\/uploads\/2024\/02\/Hollener_See-1100x1100.jpg 1100w, https:\/\/ennenhof.com\/wp-content\/uploads\/2024\/02\/Hollener_See-650x650.jpg 650w, https:\/\/ennenhof.com\/wp-content\/uploads\/2024\/02\/Hollener_See.jpg 1280w\" sizes=\"(max-width: 1024px) 100vw, 1024px\" \/>\t\t\t\t\t\t\t\t<\/a>\n\t\t\t\t\t\t\t\t\t\t\t\t\t\t\t<\/div>\n\t\t\t\t<\/div>\n\t\t\t\t<div class=\"elementor-element elementor-element-61d02fc elementor-widget elementor-widget-text-editor\" data-id=\"61d02fc\" data-element_type=\"widget\" data-e-type=\"widget\" data-widget_type=\"text-editor.default\">\n\t\t\t\t<div class=\"elementor-widget-container\">\n\t\t\t\t\t\t\t\t\t<h4 style=\"text-align: center;\"><a href=\"https:\/\/www.ostbelgien.eu\/de\/fiche\/bathingplaces\/see-butgenbach\" target=\"_blank\" rel=\"noopener\">Lacs<\/a><\/h4>\n<p style=\"text-align: center;\">B\u00fctgenbach &amp; Robertville<\/p>\t\t\t\t\t\t\t\t<\/div>\n\t\t\t\t<\/div>\n\t\t\t\t<\/div>\n\t\t<div class=\"elementor-element elementor-element-327b48b e-con-full e-flex e-con e-child\" data-id=\"327b48b\" data-element_type=\"container\" data-e-type=\"container\">\n\t\t\t\t<div class=\"elementor-element elementor-element-fd36797 elementor-widget elementor-widget-image\" data-id=\"fd36797\" data-element_type=\"widget\" data-e-type=\"widget\" data-widget_type=\"image.default\">\n\t\t\t\t<div class=\"elementor-widget-container\">\n\t\t\t\t\t\t\t\t\t\t\t\t\t\t\t\t<a href=\"https:\/\/www.ostbelgien.eu\/de\/erleben\/entdecken\/kunst-kultur\/schloesser-festungen\" target=\"_blank\">\n\t\t\t\t\t\t\t<img loading=\"lazy\" decoding=\"async\" width=\"1024\" height=\"1024\" src=\"https:\/\/ennenhof.com\/wp-content\/uploads\/2024\/02\/Robertville_-_Chateau_de_Reinhardstein-1024x1024.jpg\" class=\"attachment-large size-large wp-image-1165\" alt=\"\" srcset=\"https:\/\/ennenhof.com\/wp-content\/uploads\/2024\/02\/Robertville_-_Chateau_de_Reinhardstein-1024x1024.jpg 1024w, https:\/\/ennenhof.com\/wp-content\/uploads\/2024\/02\/Robertville_-_Chateau_de_Reinhardstein-300x300.jpg 300w, https:\/\/ennenhof.com\/wp-content\/uploads\/2024\/02\/Robertville_-_Chateau_de_Reinhardstein-150x150.jpg 150w, https:\/\/ennenhof.com\/wp-content\/uploads\/2024\/02\/Robertville_-_Chateau_de_Reinhardstein-768x768.jpg 768w, https:\/\/ennenhof.com\/wp-content\/uploads\/2024\/02\/Robertville_-_Chateau_de_Reinhardstein-550x550.jpg 550w, https:\/\/ennenhof.com\/wp-content\/uploads\/2024\/02\/Robertville_-_Chateau_de_Reinhardstein-500x500.jpg 500w, https:\/\/ennenhof.com\/wp-content\/uploads\/2024\/02\/Robertville_-_Chateau_de_Reinhardstein-1000x1000.jpg 1000w, https:\/\/ennenhof.com\/wp-content\/uploads\/2024\/02\/Robertville_-_Chateau_de_Reinhardstein-700x700.jpg 700w, https:\/\/ennenhof.com\/wp-content\/uploads\/2024\/02\/Robertville_-_Chateau_de_Reinhardstein-1100x1100.jpg 1100w, https:\/\/ennenhof.com\/wp-content\/uploads\/2024\/02\/Robertville_-_Chateau_de_Reinhardstein-650x650.jpg 650w, https:\/\/ennenhof.com\/wp-content\/uploads\/2024\/02\/Robertville_-_Chateau_de_Reinhardstein.jpg 1280w\" sizes=\"(max-width: 1024px) 100vw, 1024px\" \/>\t\t\t\t\t\t\t\t<\/a>\n\t\t\t\t\t\t\t\t\t\t\t\t\t\t\t<\/div>\n\t\t\t\t<\/div>\n\t\t\t\t<div class=\"elementor-element elementor-element-3c382e5 elementor-widget elementor-widget-text-editor\" data-id=\"3c382e5\" data-element_type=\"widget\" data-e-type=\"widget\" data-widget_type=\"text-editor.default\">\n\t\t\t\t<div class=\"elementor-widget-container\">\n\t\t\t\t\t\t\t\t\t<h4 style=\"text-align: center;\"><a href=\"https:\/\/www.ostbelgien.eu\/de\/erleben\/entdecken\/kunst-kultur\/schloesser-festungen\" target=\"_blank\" rel=\"noopener\">Ch\u00e2teaux<\/a><\/h4>\n<p style=\"text-align: center;\">Burg Reuland &amp; Burg Reinhardstein<\/p>\t\t\t\t\t\t\t\t<\/div>\n\t\t\t\t<\/div>\n\t\t\t\t<\/div>\n\t\t<div class=\"elementor-element elementor-element-6e81123 e-con-full e-flex e-con e-child\" data-id=\"6e81123\" data-element_type=\"container\" data-e-type=\"container\">\n\t\t\t\t<div class=\"elementor-element elementor-element-93f2603 elementor-widget elementor-widget-image\" data-id=\"93f2603\" data-element_type=\"widget\" data-e-type=\"widget\" data-widget_type=\"image.default\">\n\t\t\t\t<div class=\"elementor-widget-container\">\n\t\t\t\t\t\t\t\t\t\t\t\t\t\t\t\t<a href=\"https:\/\/www.ostbelgien.eu\/de\/erleben\/ausflugsziele\/hohes-venn\" target=\"_blank\">\n\t\t\t\t\t\t\t<img loading=\"lazy\" decoding=\"async\" width=\"683\" height=\"683\" src=\"https:\/\/ennenhof.com\/wp-content\/uploads\/2024\/02\/16068997519_965f4e7ce4_b.jpg\" class=\"attachment-large size-large wp-image-1167\" alt=\"\" srcset=\"https:\/\/ennenhof.com\/wp-content\/uploads\/2024\/02\/16068997519_965f4e7ce4_b.jpg 683w, https:\/\/ennenhof.com\/wp-content\/uploads\/2024\/02\/16068997519_965f4e7ce4_b-300x300.jpg 300w, https:\/\/ennenhof.com\/wp-content\/uploads\/2024\/02\/16068997519_965f4e7ce4_b-150x150.jpg 150w, https:\/\/ennenhof.com\/wp-content\/uploads\/2024\/02\/16068997519_965f4e7ce4_b-550x550.jpg 550w, https:\/\/ennenhof.com\/wp-content\/uploads\/2024\/02\/16068997519_965f4e7ce4_b-500x500.jpg 500w, https:\/\/ennenhof.com\/wp-content\/uploads\/2024\/02\/16068997519_965f4e7ce4_b-650x650.jpg 650w\" sizes=\"(max-width: 683px) 100vw, 683px\" \/>\t\t\t\t\t\t\t\t<\/a>\n\t\t\t\t\t\t\t\t\t\t\t\t\t\t\t<\/div>\n\t\t\t\t<\/div>\n\t\t\t\t<div class=\"elementor-element elementor-element-6c19e02 elementor-widget elementor-widget-text-editor\" data-id=\"6c19e02\" data-element_type=\"widget\" data-e-type=\"widget\" data-widget_type=\"text-editor.default\">\n\t\t\t\t<div class=\"elementor-widget-container\">\n\t\t\t\t\t\t\t\t\t<h4 style=\"text-align: center;\"><a href=\"https:\/\/www.ostbelgien.eu\/de\/erleben\/ausflugsziele\/hohes-venn\" target=\"_blank\" rel=\"noopener\">Hautes Fagnes<\/a><\/h4>\n<p style=\"text-align: center;\">Weismes &amp; Sourbrodt<\/p>\t\t\t\t\t\t\t\t<\/div>\n\t\t\t\t<\/div>\n\t\t\t\t<\/div>\n\t\t\t\t\t<\/div>\n\t\t\t\t<\/div>\n\t\t<div class=\"elementor-element elementor-element-2446475 e-flex e-con-boxed e-con e-parent\" data-id=\"2446475\" data-element_type=\"container\" data-e-type=\"container\">\n\t\t\t\t\t<div class=\"e-con-inner\">\n\t\t<div class=\"elementor-element elementor-element-ae71be4 e-con-full e-flex e-con e-child\" data-id=\"ae71be4\" data-element_type=\"container\" data-e-type=\"container\">\n\t\t\t\t<div class=\"elementor-element elementor-element-72b37b7 elementor-widget elementor-widget-text-editor\" data-id=\"72b37b7\" data-element_type=\"widget\" data-e-type=\"widget\" data-widget_type=\"text-editor.default\">\n\t\t\t\t<div class=\"elementor-widget-container\">\n\t\t\t\t\t\t\t\t\t<h2 style=\"text-align: left;\"><span style=\"color: #e3b464;\">Activit\u00e9s<\/span><\/h2>\t\t\t\t\t\t\t\t<\/div>\n\t\t\t\t<\/div>\n\t\t\t\t<div class=\"elementor-element elementor-element-a65a23f elementor-widget-divider--view-line elementor-widget elementor-widget-divider\" data-id=\"a65a23f\" data-element_type=\"widget\" data-e-type=\"widget\" data-widget_type=\"divider.default\">\n\t\t\t\t<div class=\"elementor-widget-container\">\n\t\t\t\t\t\t\t<div class=\"elementor-divider\">\n\t\t\t<span class=\"elementor-divider-separator\">\n\t\t\t\t\t\t<\/span>\n\t\t<\/div>\n\t\t\t\t\t\t<\/div>\n\t\t\t\t<\/div>\n\t\t\t\t<\/div>\n\t\t\t\t\t<\/div>\n\t\t\t\t<\/div>\n\t\t<div class=\"elementor-element elementor-element-c1416b0 e-flex e-con-boxed e-con e-parent\" data-id=\"c1416b0\" data-element_type=\"container\" data-e-type=\"container\">\n\t\t\t\t\t<div class=\"e-con-inner\">\n\t\t<div class=\"elementor-element elementor-element-730f197 e-con-full e-flex e-con e-child\" data-id=\"730f197\" data-element_type=\"container\" data-e-type=\"container\">\n\t\t\t\t<div class=\"elementor-element elementor-element-148bd17 elementor-widget elementor-widget-image\" data-id=\"148bd17\" data-element_type=\"widget\" data-e-type=\"widget\" data-widget_type=\"image.default\">\n\t\t\t\t<div class=\"elementor-widget-container\">\n\t\t\t\t\t\t\t\t\t\t\t\t\t\t\t\t<a href=\"https:\/\/www.ostbelgien.eu\/de\/fahrrad\" target=\"_blank\">\n\t\t\t\t\t\t\t<img loading=\"lazy\" decoding=\"async\" width=\"577\" height=\"398\" src=\"https:\/\/ennenhof.com\/wp-content\/uploads\/2024\/02\/radfahren.png\" class=\"attachment-large size-large wp-image-1169\" alt=\"\" srcset=\"https:\/\/ennenhof.com\/wp-content\/uploads\/2024\/02\/radfahren.png 577w, https:\/\/ennenhof.com\/wp-content\/uploads\/2024\/02\/radfahren-300x207.png 300w\" sizes=\"(max-width: 577px) 100vw, 577px\" \/>\t\t\t\t\t\t\t\t<\/a>\n\t\t\t\t\t\t\t\t\t\t\t\t\t\t\t<\/div>\n\t\t\t\t<\/div>\n\t\t\t\t<div class=\"elementor-element elementor-element-deb0310 elementor-widget elementor-widget-text-editor\" data-id=\"deb0310\" data-element_type=\"widget\" data-e-type=\"widget\" data-widget_type=\"text-editor.default\">\n\t\t\t\t<div class=\"elementor-widget-container\">\n\t\t\t\t\t\t\t\t\t<h4 style=\"text-align: center;\"><a href=\"https:\/\/www.ostbelgien.eu\/de\/fahrrad\" target=\"_blank\" rel=\"noopener\">Cyclisme<\/a><\/h4>\t\t\t\t\t\t\t\t<\/div>\n\t\t\t\t<\/div>\n\t\t\t\t<\/div>\n\t\t<div class=\"elementor-element elementor-element-8a75a36 e-con-full e-flex e-con e-child\" data-id=\"8a75a36\" data-element_type=\"container\" data-e-type=\"container\">\n\t\t\t\t<div class=\"elementor-element elementor-element-1503003 elementor-widget elementor-widget-image\" data-id=\"1503003\" data-element_type=\"widget\" data-e-type=\"widget\" data-widget_type=\"image.default\">\n\t\t\t\t<div class=\"elementor-widget-container\">\n\t\t\t\t\t\t\t\t\t\t\t\t\t\t\t\t<a href=\"https:\/\/www.ostbelgien.eu\/de\/wandern\" target=\"_blank\">\n\t\t\t\t\t\t\t<img loading=\"lazy\" decoding=\"async\" width=\"662\" height=\"452\" src=\"https:\/\/ennenhof.com\/wp-content\/uploads\/2024\/02\/wandern.png\" class=\"attachment-large size-large wp-image-1171\" alt=\"\" srcset=\"https:\/\/ennenhof.com\/wp-content\/uploads\/2024\/02\/wandern.png 662w, https:\/\/ennenhof.com\/wp-content\/uploads\/2024\/02\/wandern-300x205.png 300w\" sizes=\"(max-width: 662px) 100vw, 662px\" \/>\t\t\t\t\t\t\t\t<\/a>\n\t\t\t\t\t\t\t\t\t\t\t\t\t\t\t<\/div>\n\t\t\t\t<\/div>\n\t\t\t\t<div class=\"elementor-element elementor-element-3c0e1c4 elementor-widget elementor-widget-text-editor\" data-id=\"3c0e1c4\" data-element_type=\"widget\" data-e-type=\"widget\" data-widget_type=\"text-editor.default\">\n\t\t\t\t<div class=\"elementor-widget-container\">\n\t\t\t\t\t\t\t\t\t<h4 style=\"text-align: center;\"><a href=\"https:\/\/www.ostbelgien.eu\/de\/wandern\" target=\"_blank\" rel=\"noopener\">Randonn\u00e9es<\/a><\/h4>\t\t\t\t\t\t\t\t<\/div>\n\t\t\t\t<\/div>\n\t\t\t\t<\/div>\n\t\t<div class=\"elementor-element elementor-element-20f8ee1 e-con-full e-flex e-con e-child\" data-id=\"20f8ee1\" data-element_type=\"container\" data-e-type=\"container\">\n\t\t\t\t<div class=\"elementor-element elementor-element-82b7fc9 elementor-widget elementor-widget-image\" data-id=\"82b7fc9\" data-element_type=\"widget\" data-e-type=\"widget\" data-widget_type=\"image.default\">\n\t\t\t\t<div class=\"elementor-widget-container\">\n\t\t\t\t\t\t\t\t\t\t\t\t\t\t\t\t<a href=\"https:\/\/www.ostbelgien.eu\/de\/erleben\/entdecken\/ausflugstipps-mit-kindern\" target=\"_blank\">\n\t\t\t\t\t\t\t<img loading=\"lazy\" decoding=\"async\" width=\"659\" height=\"454\" src=\"https:\/\/ennenhof.com\/wp-content\/uploads\/2024\/02\/ausflugziele.png\" class=\"attachment-large size-large wp-image-1173\" alt=\"\" srcset=\"https:\/\/ennenhof.com\/wp-content\/uploads\/2024\/02\/ausflugziele.png 659w, https:\/\/ennenhof.com\/wp-content\/uploads\/2024\/02\/ausflugziele-300x207.png 300w\" sizes=\"(max-width: 659px) 100vw, 659px\" \/>\t\t\t\t\t\t\t\t<\/a>\n\t\t\t\t\t\t\t\t\t\t\t\t\t\t\t<\/div>\n\t\t\t\t<\/div>\n\t\t\t\t<div class=\"elementor-element elementor-element-56bcfb7 elementor-widget elementor-widget-text-editor\" data-id=\"56bcfb7\" data-element_type=\"widget\" data-e-type=\"widget\" data-widget_type=\"text-editor.default\">\n\t\t\t\t<div class=\"elementor-widget-container\">\n\t\t\t\t\t\t\t\t\t<h4 style=\"text-align: center;\"><a href=\"https:\/\/www.ostbelgien.eu\/de\/erleben\/entdecken\/ausflugstipps-mit-kindern\" target=\"_blank\" rel=\"noopener\">Destinations d&rsquo;excursion<\/a><\/h4>\t\t\t\t\t\t\t\t<\/div>\n\t\t\t\t<\/div>\n\t\t\t\t<\/div>\n\t\t<div class=\"elementor-element elementor-element-6071bee e-con-full e-flex e-con e-child\" data-id=\"6071bee\" data-element_type=\"container\" data-e-type=\"container\">\n\t\t\t\t<div class=\"elementor-element elementor-element-ceb2909 elementor-widget elementor-widget-image\" data-id=\"ceb2909\" data-element_type=\"widget\" data-e-type=\"widget\" data-widget_type=\"image.default\">\n\t\t\t\t<div class=\"elementor-widget-container\">\n\t\t\t\t\t\t\t\t\t\t\t\t\t\t\t\t<a href=\"https:\/\/www.ostbelgien.eu\/de\/gastronomie\" target=\"_blank\">\n\t\t\t\t\t\t\t<img loading=\"lazy\" decoding=\"async\" width=\"674\" height=\"449\" src=\"https:\/\/ennenhof.com\/wp-content\/uploads\/2024\/02\/gastronomie.png\" class=\"attachment-large size-large wp-image-1175\" alt=\"\" srcset=\"https:\/\/ennenhof.com\/wp-content\/uploads\/2024\/02\/gastronomie.png 674w, https:\/\/ennenhof.com\/wp-content\/uploads\/2024\/02\/gastronomie-300x200.png 300w\" sizes=\"(max-width: 674px) 100vw, 674px\" \/>\t\t\t\t\t\t\t\t<\/a>\n\t\t\t\t\t\t\t\t\t\t\t\t\t\t\t<\/div>\n\t\t\t\t<\/div>\n\t\t\t\t<div class=\"elementor-element elementor-element-f9286aa elementor-widget elementor-widget-text-editor\" data-id=\"f9286aa\" data-element_type=\"widget\" data-e-type=\"widget\" data-widget_type=\"text-editor.default\">\n\t\t\t\t<div class=\"elementor-widget-container\">\n\t\t\t\t\t\t\t\t\t<h4 style=\"text-align: center;\"><a href=\"https:\/\/www.ostbelgien.eu\/de\/gastronomie\" target=\"_blank\" rel=\"noopener\">Gastrononie<\/a><\/h4>\t\t\t\t\t\t\t\t<\/div>\n\t\t\t\t<\/div>\n\t\t\t\t<\/div>\n\t\t\t\t\t<\/div>\n\t\t\t\t<\/div>\n\t\t<div class=\"elementor-element elementor-element-7a028b6 e-flex e-con-boxed e-con e-parent\" data-id=\"7a028b6\" data-element_type=\"container\" data-e-type=\"container\">\n\t\t\t\t\t<div class=\"e-con-inner\">\n\t\t<div class=\"elementor-element elementor-element-e339ac2 e-con-full e-flex e-con e-child\" data-id=\"e339ac2\" data-element_type=\"container\" data-e-type=\"container\">\n\t\t\t\t<div class=\"elementor-element elementor-element-f6d26c8 elementor-widget elementor-widget-image\" data-id=\"f6d26c8\" data-element_type=\"widget\" data-e-type=\"widget\" data-widget_type=\"image.default\">\n\t\t\t\t<div class=\"elementor-widget-container\">\n\t\t\t\t\t\t\t\t\t\t\t\t\t\t\t\t<a href=\"https:\/\/www.ostbelgien.eu\/de\/erleben\/entdecken\/kunst-kultur\" target=\"_blank\">\n\t\t\t\t\t\t\t<img loading=\"lazy\" decoding=\"async\" width=\"660\" height=\"441\" src=\"https:\/\/ennenhof.com\/wp-content\/uploads\/2024\/02\/kunst-kultur.png\" class=\"attachment-large size-large wp-image-1177\" alt=\"\" srcset=\"https:\/\/ennenhof.com\/wp-content\/uploads\/2024\/02\/kunst-kultur.png 660w, https:\/\/ennenhof.com\/wp-content\/uploads\/2024\/02\/kunst-kultur-300x200.png 300w\" sizes=\"(max-width: 660px) 100vw, 660px\" \/>\t\t\t\t\t\t\t\t<\/a>\n\t\t\t\t\t\t\t\t\t\t\t\t\t\t\t<\/div>\n\t\t\t\t<\/div>\n\t\t\t\t<div class=\"elementor-element elementor-element-0234297 elementor-widget elementor-widget-text-editor\" data-id=\"0234297\" data-element_type=\"widget\" data-e-type=\"widget\" data-widget_type=\"text-editor.default\">\n\t\t\t\t<div class=\"elementor-widget-container\">\n\t\t\t\t\t\t\t\t\t<h4 style=\"text-align: center;\"><a href=\"https:\/\/www.ostbelgien.eu\/de\/erleben\/entdecken\/kunst-kultur\" target=\"_blank\" rel=\"noopener\">Art et culture<\/a><\/h4>\t\t\t\t\t\t\t\t<\/div>\n\t\t\t\t<\/div>\n\t\t\t\t<\/div>\n\t\t<div class=\"elementor-element elementor-element-d0e0c6f e-con-full e-flex e-con e-child\" data-id=\"d0e0c6f\" data-element_type=\"container\" data-e-type=\"container\">\n\t\t\t\t<div class=\"elementor-element elementor-element-716f9ae elementor-widget elementor-widget-image\" data-id=\"716f9ae\" data-element_type=\"widget\" data-e-type=\"widget\" data-widget_type=\"image.default\">\n\t\t\t\t<div class=\"elementor-widget-container\">\n\t\t\t\t\t\t\t\t\t\t\t\t\t\t\t\t<a href=\"https:\/\/www.ostbelgien.eu\/de\/erleben\/entdecken\/sport-freizeit\" target=\"_blank\">\n\t\t\t\t\t\t\t<img loading=\"lazy\" decoding=\"async\" width=\"564\" height=\"377\" src=\"https:\/\/ennenhof.com\/wp-content\/uploads\/2024\/02\/sport-freizeit.png\" class=\"attachment-large size-large wp-image-1179\" alt=\"\" srcset=\"https:\/\/ennenhof.com\/wp-content\/uploads\/2024\/02\/sport-freizeit.png 564w, https:\/\/ennenhof.com\/wp-content\/uploads\/2024\/02\/sport-freizeit-300x201.png 300w\" sizes=\"(max-width: 564px) 100vw, 564px\" \/>\t\t\t\t\t\t\t\t<\/a>\n\t\t\t\t\t\t\t\t\t\t\t\t\t\t\t<\/div>\n\t\t\t\t<\/div>\n\t\t\t\t<div class=\"elementor-element elementor-element-0912769 elementor-widget elementor-widget-text-editor\" data-id=\"0912769\" data-element_type=\"widget\" data-e-type=\"widget\" data-widget_type=\"text-editor.default\">\n\t\t\t\t<div class=\"elementor-widget-container\">\n\t\t\t\t\t\t\t\t\t<h4 style=\"text-align: center;\"><a href=\"https:\/\/www.ostbelgien.eu\/de\/erleben\/entdecken\/sport-freizeit\" target=\"_blank\" rel=\"noopener\">Sport &amp; loisirs<\/a><\/h4>\t\t\t\t\t\t\t\t<\/div>\n\t\t\t\t<\/div>\n\t\t\t\t<\/div>\n\t\t<div class=\"elementor-element elementor-element-162db0e e-con-full e-flex e-con e-child\" data-id=\"162db0e\" data-element_type=\"container\" data-e-type=\"container\">\n\t\t\t\t<\/div>\n\t\t<div class=\"elementor-element elementor-element-64edc4c e-con-full e-flex e-con e-child\" data-id=\"64edc4c\" data-element_type=\"container\" data-e-type=\"container\">\n\t\t\t\t<\/div>\n\t\t\t\t\t<\/div>\n\t\t\t\t<\/div>\n\t\t\t\t<\/div>\n\t\t","protected":false},"excerpt":{"rendered":"<p>Environs For\u00eats &amp; prairies Ambl\u00e8ve Lacs B\u00fctgenbach &amp; Robertville Ch\u00e2teaux Burg Reuland &amp; Burg Reinhardstein Hautes Fagnes Weismes &amp; Sourbrodt Activit\u00e9s Cyclisme Randonn\u00e9es Destinations d&rsquo;excursion Gastrononie Art et culture Sport &amp; loisirs<\/p>\n","protected":false},"author":1,"featured_media":0,"parent":0,"menu_order":0,"comment_status":"closed","ping_status":"closed","template":"full_width.php","meta":{"om_disable_all_campaigns":false,"_monsterinsights_skip_tracking":false,"_monsterinsights_sitenote_active":false,"_monsterinsights_sitenote_note":"","_monsterinsights_sitenote_category":0,"_uf_show_specific_survey":0,"_uf_disable_surveys":false,"footnotes":""},"class_list":["post-1306","page","type-page","status-publish","hentry"],"aioseo_notices":[],"_links":{"self":[{"href":"https:\/\/ennenhof.com\/fr\/wp-json\/wp\/v2\/pages\/1306","targetHints":{"allow":["GET"]}}],"collection":[{"href":"https:\/\/ennenhof.com\/fr\/wp-json\/wp\/v2\/pages"}],"about":[{"href":"https:\/\/ennenhof.com\/fr\/wp-json\/wp\/v2\/types\/page"}],"author":[{"embeddable":true,"href":"https:\/\/ennenhof.com\/fr\/wp-json\/wp\/v2\/users\/1"}],"replies":[{"embeddable":true,"href":"https:\/\/ennenhof.com\/fr\/wp-json\/wp\/v2\/comments?post=1306"}],"version-history":[{"count":6,"href":"https:\/\/ennenhof.com\/fr\/wp-json\/wp\/v2\/pages\/1306\/revisions"}],"predecessor-version":[{"id":1467,"href":"https:\/\/ennenhof.com\/fr\/wp-json\/wp\/v2\/pages\/1306\/revisions\/1467"}],"wp:attachment":[{"href":"https:\/\/ennenhof.com\/fr\/wp-json\/wp\/v2\/media?parent=1306"}],"curies":[{"name":"wp","href":"https:\/\/api.w.org\/{rel}","templated":true}]}}